{"id":595,"date":"2026-03-09T11:39:31","date_gmt":"2026-03-09T11:39:31","guid":{"rendered":"https:\/\/blindtag.joins.ch\/?page_id=595"},"modified":"2026-03-09T11:44:24","modified_gmt":"2026-03-09T11:44:24","slug":"perche-blindtag","status":"publish","type":"page","link":"https:\/\/blindtag.joins.ch\/en\/perche-blindtag\/","title":{"rendered":"Perch\u00e8 BlindTag"},"content":{"rendered":"<div data-elementor-type=\"wp-page\" data-elementor-id=\"595\" class=\"elementor elementor-595\" data-elementor-post-type=\"page\">\n\t\t\t\t<div class=\"elementor-element elementor-element-28e8d2e7 e-flex e-con-boxed e-con e-parent\" data-id=\"28e8d2e7\" data-element_type=\"container\" data-e-type=\"container\">\n\t\t\t\t\t<div class=\"e-con-inner\">\n\t\t<div class=\"elementor-element elementor-element-ba9270e e-con-full e-flex e-con e-child\" data-id=\"ba9270e\" data-element_type=\"container\" data-e-type=\"container\">\n\t\t\t\t<div class=\"elementor-element elementor-element-c968e3e elementor-widget elementor-widget-spacer\" data-id=\"c968e3e\" data-element_type=\"widget\" data-e-type=\"widget\" data-widget_type=\"spacer.default\">\n\t\t\t\t\t\t\t<div class=\"elementor-spacer\">\n\t\t\t<div class=\"elementor-spacer-inner\"><\/div>\n\t\t<\/div>\n\t\t\t\t\t\t<\/div>\n\t\t\t\t<div class=\"elementor-element elementor-element-d5beccc elementor-widget elementor-widget-eael-creative-button\" data-id=\"d5beccc\" data-element_type=\"widget\" data-e-type=\"widget\" data-widget_type=\"eael-creative-button.default\">\n\t\t\t\t\t        <div class=\"eael-creative-button-wrapper\">\n\n            <a class=\"eael-creative-button eael-creative-button--default\" data-text=\"\">\n            \t    \n                <div class=\"creative-button-inner\">\n\n                    \n                    <span class=\"cretive-button-text\">Perch\u00e8 BlindTag<\/span>\n\n                                    <\/div>\n\t                        <\/a>\n        <\/div>\n        \t\t\t\t<\/div>\n\t\t\t\t<div class=\"elementor-element elementor-element-17fae1f elementor-widget elementor-widget-heading\" data-id=\"17fae1f\" data-element_type=\"widget\" data-e-type=\"widget\" data-widget_type=\"heading.default\">\n\t\t\t\t\t<h2 class=\"elementor-heading-title elementor-size-default\">Perch\u00e9 scegliere BlindTag<\/h2>\t\t\t\t<\/div>\n\t\t\t\t<div class=\"elementor-element elementor-element-5b02e5d elementor-widget elementor-widget-text-editor\" data-id=\"5b02e5d\" data-element_type=\"widget\" data-e-type=\"widget\" data-widget_type=\"text-editor.default\">\n\t\t\t\t\t\t\t\t\t<p>La soluzione definitiva per l&#8217;accessibilit\u00e0 che trasforma la tua struttura in un ambiente inclusivo e competitivo.<\/p>\t\t\t\t\t\t\t\t<\/div>\n\t\t\t\t<\/div>\n\t\t<div class=\"elementor-element elementor-element-5750563 e-grid e-con-full e-con e-child\" data-id=\"5750563\" data-element_type=\"container\" data-e-type=\"container\">\n\t\t<div class=\"elementor-element elementor-element-6b5d0e7 e-con-full e-flex e-con e-child\" data-id=\"6b5d0e7\" data-element_type=\"container\" data-e-type=\"container\">\n\t\t\t\t<div class=\"elementor-element elementor-element-c9423e2 elementor-widget elementor-widget-heading\" data-id=\"c9423e2\" data-element_type=\"widget\" data-e-type=\"widget\" data-widget_type=\"heading.default\">\n\t\t\t\t\t<h2 class=\"elementor-heading-title elementor-size-default\">Vedi BlindTag in azione<\/h2>\t\t\t\t<\/div>\n\t\t\t\t<div class=\"elementor-element elementor-element-67fe51e1 elementor-widget elementor-widget-text-editor\" data-id=\"67fe51e1\" data-element_type=\"widget\" data-e-type=\"widget\" data-widget_type=\"text-editor.default\">\n\t\t\t\t\t\t\t\t\t<p>Scopri come BlindTag trasforma l&#8217;esperienza di orientamento per le persone con disabilit\u00e0 visive in diversi ambienti.<\/p>\n<p>&#8211; Massima semplicit\u00e0 d&#8217;uso<\/p>\n<p>&#8211; Informazioni audio chiare e contestuali<\/p>\n<p>&#8211; Maggiore autonomia per gli utenti<\/p>\t\t\t\t\t\t\t\t<\/div>\n\t\t\t\t<\/div>\n\t\t\t\t<div class=\"elementor-element elementor-element-d65a57b elementor-widget elementor-widget-video\" data-id=\"d65a57b\" data-element_type=\"widget\" data-e-type=\"widget\" data-settings=\"{&quot;youtube_url&quot;:&quot;https:\\\/\\\/www.youtube.com\\\/watch?v=XHOmBV4js_E&quot;,&quot;video_type&quot;:&quot;youtube&quot;,&quot;controls&quot;:&quot;yes&quot;}\" data-widget_type=\"video.default\">\n\t\t\t\t\t\t\t<div class=\"elementor-wrapper elementor-open-inline\">\n\t\t\t<div class=\"elementor-video\"><\/div>\t\t<\/div>\n\t\t\t\t\t\t<\/div>\n\t\t\t\t<\/div>\n\t\t<div class=\"elementor-element elementor-element-2bcea6f e-con-full e-flex e-con e-child\" data-id=\"2bcea6f\" data-element_type=\"container\" data-e-type=\"container\">\n\t\t\t\t<div class=\"elementor-element elementor-element-b2212e3 elementor-widget elementor-widget-spacer\" data-id=\"b2212e3\" data-element_type=\"widget\" data-e-type=\"widget\" data-widget_type=\"spacer.default\">\n\t\t\t\t\t\t\t<div class=\"elementor-spacer\">\n\t\t\t<div class=\"elementor-spacer-inner\"><\/div>\n\t\t<\/div>\n\t\t\t\t\t\t<\/div>\n\t\t<div class=\"elementor-element elementor-element-ff24361 e-con-full e-grid e-con e-child\" data-id=\"ff24361\" data-element_type=\"container\" data-e-type=\"container\">\n\t\t\t\t<div class=\"elementor-element elementor-element-c2a5e69 elementor-position-top elementor-widget elementor-widget-image-box\" data-id=\"c2a5e69\" data-element_type=\"widget\" data-e-type=\"widget\" data-widget_type=\"image-box.default\">\n\t\t\t\t\t<div class=\"elementor-image-box-wrapper\"><figure class=\"elementor-image-box-img\"><img fetchpriority=\"high\" decoding=\"async\" width=\"467\" height=\"548\" src=\"https:\/\/blindtag.joins.ch\/wp-content\/uploads\/2026\/03\/x.png\" class=\"attachment-2048x2048 size-2048x2048 wp-image-539\" alt=\"\" srcset=\"https:\/\/blindtag.joins.ch\/wp-content\/uploads\/2026\/03\/x.png 467w, https:\/\/blindtag.joins.ch\/wp-content\/uploads\/2026\/03\/x-256x300.png 256w, https:\/\/blindtag.joins.ch\/wp-content\/uploads\/2026\/03\/x-10x12.png 10w\" sizes=\"(max-width: 467px) 100vw, 467px\" \/><\/figure><div class=\"elementor-image-box-content\"><h3 class=\"elementor-image-box-title\">Scansiona<\/h3><p class=\"elementor-image-box-description\">Avvicina il telefono al tag BlindTag per attivare il messaggio audio<\/p><\/div><\/div>\t\t\t\t<\/div>\n\t\t\t\t<div class=\"elementor-element elementor-element-31a26b5 elementor-position-top elementor-widget elementor-widget-image-box\" data-id=\"31a26b5\" data-element_type=\"widget\" data-e-type=\"widget\" data-widget_type=\"image-box.default\">\n\t\t\t\t\t<div class=\"elementor-image-box-wrapper\"><figure class=\"elementor-image-box-img\"><img decoding=\"async\" width=\"479\" height=\"546\" src=\"https:\/\/blindtag.joins.ch\/wp-content\/uploads\/2026\/03\/x-Copia-1.png\" class=\"attachment-2048x2048 size-2048x2048 wp-image-542\" alt=\"\" srcset=\"https:\/\/blindtag.joins.ch\/wp-content\/uploads\/2026\/03\/x-Copia-1.png 479w, https:\/\/blindtag.joins.ch\/wp-content\/uploads\/2026\/03\/x-Copia-1-263x300.png 263w, https:\/\/blindtag.joins.ch\/wp-content\/uploads\/2026\/03\/x-Copia-1-11x12.png 11w\" sizes=\"(max-width: 479px) 100vw, 479px\" \/><\/figure><div class=\"elementor-image-box-content\"><h3 class=\"elementor-image-box-title\">Ascolta<\/h3><p class=\"elementor-image-box-description\">Ricevi informazioni audio contestuali e personalizzate<\/p><\/div><\/div>\t\t\t\t<\/div>\n\t\t\t\t<div class=\"elementor-element elementor-element-bf81b84 elementor-widget elementor-widget-image-box\" data-id=\"bf81b84\" data-element_type=\"widget\" data-e-type=\"widget\" data-widget_type=\"image-box.default\">\n\t\t\t\t\t<div class=\"elementor-image-box-wrapper\"><div class=\"elementor-image-box-content\"><h3 class=\"elementor-image-box-title\">Orientati<\/h3><p class=\"elementor-image-box-description\">Muoviti con sicurezza e autonomia nell'ambiente<\/p><\/div><\/div>\t\t\t\t<\/div>\n\t\t\t\t<div class=\"elementor-element elementor-element-5bc050f elementor-position-inline-start elementor-view-default elementor-mobile-position-block-start elementor-widget elementor-widget-icon-box\" data-id=\"5bc050f\" data-element_type=\"widget\" data-e-type=\"widget\" data-widget_type=\"icon-box.default\">\n\t\t\t\t\t\t\t<div class=\"elementor-icon-box-wrapper\">\n\n\t\t\t\t\t\t<div class=\"elementor-icon-box-icon\">\n\t\t\t\t<span  class=\"elementor-icon\">\n\t\t\t\t<svg aria-hidden=\"true\" class=\"e-font-icon-svg e-fas-check-circle\" viewbox=\"0 0 512 512\" xmlns=\"http:\/\/www.w3.org\/2000\/svg\"><path d=\"M504 256c0 136.967-111.033 248-248 248S8 392.967 8 256 119.033 8 256 8s248 111.033 248 248zM227.314 387.314l184-184c6.248-6.248 6.248-16.379 0-22.627l-22.627-22.627c-6.248-6.249-16.379-6.249-22.628 0L216 308.118l-70.059-70.059c-6.248-6.248-16.379-6.248-22.628 0l-22.627 22.627c-6.248 6.248-6.248 16.379 0 22.627l104 104c6.249 6.249 16.379 6.249 22.628.001z\"><\/path><\/svg>\t\t\t\t<\/span>\n\t\t\t<\/div>\n\t\t\t\n\t\t\t\t\t\t<div class=\"elementor-icon-box-content\">\n\n\t\t\t\t\t\t\t\t\t<h3 class=\"elementor-icon-box-title\">\n\t\t\t\t\t\t<span  >\n\t\t\t\t\t\t\tInstallazione rapida e semplice\t\t\t\t\t\t<\/span>\n\t\t\t\t\t<\/h3>\n\t\t\t\t\n\t\t\t\t\n\t\t\t<\/div>\n\t\t\t\n\t\t<\/div>\n\t\t\t\t\t\t<\/div>\n\t\t\t\t<div class=\"elementor-element elementor-element-ba28767 elementor-position-inline-start elementor-view-default elementor-mobile-position-block-start elementor-widget elementor-widget-icon-box\" data-id=\"ba28767\" data-element_type=\"widget\" data-e-type=\"widget\" data-widget_type=\"icon-box.default\">\n\t\t\t\t\t\t\t<div class=\"elementor-icon-box-wrapper\">\n\n\t\t\t\t\t\t<div class=\"elementor-icon-box-icon\">\n\t\t\t\t<span  class=\"elementor-icon\">\n\t\t\t\t<svg aria-hidden=\"true\" class=\"e-font-icon-svg e-fas-check-circle\" viewbox=\"0 0 512 512\" xmlns=\"http:\/\/www.w3.org\/2000\/svg\"><path d=\"M504 256c0 136.967-111.033 248-248 248S8 392.967 8 256 119.033 8 256 8s248 111.033 248 248zM227.314 387.314l184-184c6.248-6.248 6.248-16.379 0-22.627l-22.627-22.627c-6.248-6.249-16.379-6.249-22.628 0L216 308.118l-70.059-70.059c-6.248-6.248-16.379-6.248-22.628 0l-22.627 22.627c-6.248 6.248-6.248 16.379 0 22.627l104 104c6.249 6.249 16.379 6.249 22.628.001z\"><\/path><\/svg>\t\t\t\t<\/span>\n\t\t\t<\/div>\n\t\t\t\n\t\t\t\t\t\t<div class=\"elementor-icon-box-content\">\n\n\t\t\t\t\t\t\t\t\t<h3 class=\"elementor-icon-box-title\">\n\t\t\t\t\t\t<span  >\n\t\t\t\t\t\t\tRiconoscimento istantaneo\t\t\t\t\t\t<\/span>\n\t\t\t\t\t<\/h3>\n\t\t\t\t\n\t\t\t\t\n\t\t\t<\/div>\n\t\t\t\n\t\t<\/div>\n\t\t\t\t\t\t<\/div>\n\t\t\t\t<div class=\"elementor-element elementor-element-dbfa4d0 elementor-position-inline-start elementor-view-default elementor-mobile-position-block-start elementor-widget elementor-widget-icon-box\" data-id=\"dbfa4d0\" data-element_type=\"widget\" data-e-type=\"widget\" data-widget_type=\"icon-box.default\">\n\t\t\t\t\t\t\t<div class=\"elementor-icon-box-wrapper\">\n\n\t\t\t\t\t\t<div class=\"elementor-icon-box-icon\">\n\t\t\t\t<span  class=\"elementor-icon\">\n\t\t\t\t<svg aria-hidden=\"true\" class=\"e-font-icon-svg e-fas-check-circle\" viewbox=\"0 0 512 512\" xmlns=\"http:\/\/www.w3.org\/2000\/svg\"><path d=\"M504 256c0 136.967-111.033 248-248 248S8 392.967 8 256 119.033 8 256 8s248 111.033 248 248zM227.314 387.314l184-184c6.248-6.248 6.248-16.379 0-22.627l-22.627-22.627c-6.248-6.249-16.379-6.249-22.628 0L216 308.118l-70.059-70.059c-6.248-6.248-16.379-6.248-22.628 0l-22.627 22.627c-6.248 6.248-6.248 16.379 0 22.627l104 104c6.249 6.249 16.379 6.249 22.628.001z\"><\/path><\/svg>\t\t\t\t<\/span>\n\t\t\t<\/div>\n\t\t\t\n\t\t\t\t\t\t<div class=\"elementor-icon-box-content\">\n\n\t\t\t\t\t\t\t\t\t<h3 class=\"elementor-icon-box-title\">\n\t\t\t\t\t\t<span  >\n\t\t\t\t\t\t\tAudio chiaro e contestuale\t\t\t\t\t\t<\/span>\n\t\t\t\t\t<\/h3>\n\t\t\t\t\n\t\t\t\t\n\t\t\t<\/div>\n\t\t\t\n\t\t<\/div>\n\t\t\t\t\t\t<\/div>\n\t\t\t\t<\/div>\n\t\t\t\t<div class=\"elementor-element elementor-element-5f6d5cd elementor-widget elementor-widget-spacer\" data-id=\"5f6d5cd\" data-element_type=\"widget\" data-e-type=\"widget\" data-widget_type=\"spacer.default\">\n\t\t\t\t\t\t\t<div class=\"elementor-spacer\">\n\t\t\t<div class=\"elementor-spacer-inner\"><\/div>\n\t\t<\/div>\n\t\t\t\t\t\t<\/div>\n\t\t\t\t<div class=\"elementor-element elementor-element-498be5c elementor-widget elementor-widget-heading\" data-id=\"498be5c\" data-element_type=\"widget\" data-e-type=\"widget\" data-widget_type=\"heading.default\">\n\t\t\t\t\t<h2 class=\"elementor-heading-title elementor-size-default\">Scarica l'App BlindTag Scanner<\/h2>\t\t\t\t<\/div>\n\t\t<div class=\"elementor-element elementor-element-764a85d e-grid e-con-full e-con e-child\" data-id=\"764a85d\" data-element_type=\"container\" data-e-type=\"container\" data-settings=\"{&quot;background_background&quot;:&quot;classic&quot;}\">\n\t\t\t\t<div class=\"elementor-element elementor-element-8f37627 elementor-widget elementor-widget-image\" data-id=\"8f37627\" data-element_type=\"widget\" data-e-type=\"widget\" data-widget_type=\"image.default\">\n\t\t\t\t\t\t\t\t\t\t\t\t\t\t\t\t<a href=\"https:\/\/play.google.com\/store\/apps\/details?id=com.gianlucacasalino.blindtagscanner&#038;hl=en\" target=\"_blank\">\n\t\t\t\t\t\t\t<img decoding=\"async\" width=\"800\" height=\"262\" src=\"https:\/\/blindtag.joins.ch\/wp-content\/uploads\/2025\/12\/google-play-badge-1024x335.png\" class=\"attachment-large size-large wp-image-86\" alt=\"\" srcset=\"https:\/\/blindtag.joins.ch\/wp-content\/uploads\/2025\/12\/google-play-badge-1024x335.png 1024w, https:\/\/blindtag.joins.ch\/wp-content\/uploads\/2025\/12\/google-play-badge-300x98.png 300w, https:\/\/blindtag.joins.ch\/wp-content\/uploads\/2025\/12\/google-play-badge-768x251.png 768w, https:\/\/blindtag.joins.ch\/wp-content\/uploads\/2025\/12\/google-play-badge-1536x503.png 1536w, https:\/\/blindtag.joins.ch\/wp-content\/uploads\/2025\/12\/google-play-badge-2048x670.png 2048w\" sizes=\"(max-width: 800px) 100vw, 800px\" \/>\t\t\t\t\t\t\t\t<\/a>\n\t\t\t\t\t\t\t\t\t\t\t\t\t\t\t<\/div>\n\t\t\t\t<div class=\"elementor-element elementor-element-2f0759e elementor-widget elementor-widget-image\" data-id=\"2f0759e\" data-element_type=\"widget\" data-e-type=\"widget\" data-widget_type=\"image.default\">\n\t\t\t\t\t\t\t\t\t\t\t\t\t\t\t\t<a href=\"https:\/\/apps.apple.com\/us\/app\/blindtag-scanner\/id1622064688\" target=\"_blank\">\n\t\t\t\t\t\t\t<img loading=\"lazy\" decoding=\"async\" width=\"800\" height=\"262\" src=\"https:\/\/blindtag.joins.ch\/wp-content\/uploads\/2025\/12\/app-store-badge-1024x335.png\" class=\"attachment-large size-large wp-image-87\" alt=\"\" srcset=\"https:\/\/blindtag.joins.ch\/wp-content\/uploads\/2025\/12\/app-store-badge-1024x335.png 1024w, https:\/\/blindtag.joins.ch\/wp-content\/uploads\/2025\/12\/app-store-badge-300x98.png 300w, https:\/\/blindtag.joins.ch\/wp-content\/uploads\/2025\/12\/app-store-badge-768x251.png 768w, https:\/\/blindtag.joins.ch\/wp-content\/uploads\/2025\/12\/app-store-badge-1536x503.png 1536w, https:\/\/blindtag.joins.ch\/wp-content\/uploads\/2025\/12\/app-store-badge-2048x670.png 2048w\" sizes=\"(max-width: 800px) 100vw, 800px\" \/>\t\t\t\t\t\t\t\t<\/a>\n\t\t\t\t\t\t\t\t\t\t\t\t\t\t\t<\/div>\n\t\t\t\t<\/div>\n\t\t\t\t<\/div>\n\t\t\t\t\t<\/div>\n\t\t\t\t<\/div>\n\t\t\t\t<\/div>","protected":false},"excerpt":{"rendered":"<p>Perch\u00e8 BlindTag Perch\u00e9 scegliere BlindTag La soluzione definitiva per l&#8217;accessibilit\u00e0 che trasforma la tua struttura in un ambiente inclusivo e competitivo. Vedi BlindTag in azione Scopri come BlindTag trasforma l&#8217;esperienza di orientamento per le persone con disabilit\u00e0 visive in diversi ambienti. &#8211; Massima semplicit\u00e0 d&#8217;uso &#8211; Informazioni audio chiare e contestuali &#8211; Maggiore autonomia per [&hellip;]<\/p>\n","protected":false},"author":2,"featured_media":0,"parent":0,"menu_order":0,"comment_status":"closed","ping_status":"closed","template":"","meta":{"footnotes":""},"class_list":["post-595","page","type-page","status-publish","hentry"],"_links":{"self":[{"href":"https:\/\/blindtag.joins.ch\/en\/wp-json\/wp\/v2\/pages\/595","targetHints":{"allow":["GET"]}}],"collection":[{"href":"https:\/\/blindtag.joins.ch\/en\/wp-json\/wp\/v2\/pages"}],"about":[{"href":"https:\/\/blindtag.joins.ch\/en\/wp-json\/wp\/v2\/types\/page"}],"author":[{"embeddable":true,"href":"https:\/\/blindtag.joins.ch\/en\/wp-json\/wp\/v2\/users\/2"}],"replies":[{"embeddable":true,"href":"https:\/\/blindtag.joins.ch\/en\/wp-json\/wp\/v2\/comments?post=595"}],"version-history":[{"count":4,"href":"https:\/\/blindtag.joins.ch\/en\/wp-json\/wp\/v2\/pages\/595\/revisions"}],"predecessor-version":[{"id":599,"href":"https:\/\/blindtag.joins.ch\/en\/wp-json\/wp\/v2\/pages\/595\/revisions\/599"}],"wp:attachment":[{"href":"https:\/\/blindtag.joins.ch\/en\/wp-json\/wp\/v2\/media?parent=595"}],"curies":[{"name":"wp","href":"https:\/\/api.w.org\/{rel}","templated":true}]}}